{"id":4120,"date":"2023-12-03T16:02:46","date_gmt":"2023-12-03T16:02:46","guid":{"rendered":"https:\/\/sophiesreinigungen.ch\/?page_id=4120"},"modified":"2023-12-03T16:19:43","modified_gmt":"2023-12-03T16:19:43","slug":"datenschutz","status":"publish","type":"page","link":"https:\/\/sophiesreinigungen.ch\/en\/datenschutz\/","title":{"rendered":"Datenschutz"},"content":{"rendered":"<div style=\"height:64px\" aria-hidden=\"true\" class=\"wp-block-spacer\"><\/div>\n\n\n\n<h1 class=\"wp-block-heading\">Datenschutz<\/h1>\n\n\n\n<p>Herzlich willkommen auf der Website von Sophiesreinigungen. Diese Datenschutzerkl\u00e4rung soll Sie dar\u00fcber informieren, wie wir Informationen sammeln, verwenden, offenlegen und sch\u00fctzen, die Sie w\u00e4hrend Ihres Besuchs auf unserer Website bereitstellen.<\/p>\n\n\n\n<h2 class=\"wp-block-heading\">Verantwortliche Stelle<\/h2>\n\n\n\n<p>siehe <a href=\"https:\/\/sophiesreinigungen.ch\/en\/impressum\/\" title=\"Impressum\">Impressum<\/a>.<\/p>\n\n\n\n<h2 class=\"wp-block-heading\">Google Maps und Google-Bewertungen<\/h2>\n\n\n\n<p>Unsere Website verwendet Google Maps, um Standortinformationen anzuzeigen, und Google-Bewertungen, um Kundenbewertungen anzuzeigen. Durch die Nutzung dieser Funktionen k\u00f6nnen bestimmte personenbezogene Daten an Google \u00fcbertragen werden. Bitte beachten Sie die Datenschutzrichtlinien von Google f\u00fcr weitere Informationen dar\u00fcber, wie Ihre Daten durch Google verarbeitet werden:<\/p>\n\n\n\n<ul class=\"wp-block-list\">\n<li><a href=\"https:\/\/policies.google.com\/privacy\" target=\"_blank\" rel=\"noopener\" title=\"\">Google Datenschutzerkl\u00e4rung<\/a><\/li>\n\n\n\n<li><a href=\"https:\/\/www.google.com\/intl\/de_de\/help\/terms_maps\/\" target=\"_blank\" rel=\"noopener\" title=\"\">Google Maps Nutzungsbedingungen<\/a><\/li>\n\n\n\n<li><a href=\"https:\/\/www.google.com\/intl\/de_de\/help\/terms_maps\/\" target=\"_blank\" rel=\"noopener\" title=\"\">Google Bewertungen Nutzungsbedingungen<\/a><\/li>\n<\/ul>\n\n\n\n<p>Wenn Sie dieser Datenverarbeitung nicht zustimmen, bitten wir Sie, auf die Nutzung dieser Funktionen zu verzichten. Beachten Sie, dass dies m\u00f6glicherweise die Verf\u00fcgbarkeit bestimmter Funktionen auf unserer Website beeintr\u00e4chtigen kann.<\/p>\n\n\n\n<h2 class=\"wp-block-heading\">Information Collection And Use<\/h2>\n\n\n\n<p>Bei der Nutzung unseres Dienstes k\u00f6nnen wir Sie bitten, uns bestimmte personenbezogene Daten mitzuteilen, die dazu verwendet werden k\u00f6nnen, Sie zu kontaktieren oder zu identifizieren. Pers\u00f6nlich identifizierbare Informationen (\u00abPers\u00f6nliche Informationen\u00bb) k\u00f6nnen unter anderem sein:<\/p>\n\n\n\n<ul class=\"wp-block-list\">\n<li>Name<\/li>\n\n\n\n<li>Email address<\/li>\n\n\n\n<li>Telephone number<\/li>\n\n\n\n<li>Address<\/li>\n<\/ul>\n\n\n\n<h2 class=\"wp-block-heading\">Einwilligung<\/h2>\n\n\n\n<p>Durch die Nutzung unserer Website willigen Sie in die in dieser Datenschutzerkl\u00e4rung beschriebene Datenverarbeitung ein. Sie k\u00f6nnen Ihre Einwilligung jederzeit widerrufen, indem Sie uns unter den im <a href=\"https:\/\/sophiesreinigungen.ch\/en\/impressum\/\" title=\"Impressum\">Impressum<\/a> angegebenen Kontaktdaten kontaktieren.<\/p>\n\n\n\n<h2 class=\"wp-block-heading\">Speicherdauer<\/h2>\n\n\n\n<p>Wir speichern Ihre Daten nur so lange, wie es f\u00fcr die in dieser Datenschutzerkl\u00e4rung genannten Zwecke erforderlich ist oder wie es nach geltendem Recht vorgeschrieben ist.<\/p>\n\n\n\n<h2 class=\"wp-block-heading\">Ihre Rechte<\/h2>\n\n\n\n<p><strong>Auskunftsrecht (Art. 8 DSG):<\/strong><\/p>\n\n\n\n<ul class=\"wp-block-list\">\n<li>Betroffene haben das Recht, Auskunft dar\u00fcber zu erhalten, ob ihre personenbezogenen Daten verarbeitet werden.<\/li>\n<\/ul>\n\n\n\n<p><strong>Recht auf Berichtigung (Art. 5 Abs. 2 DSG):<\/strong><\/p>\n\n\n\n<ul class=\"wp-block-list\">\n<li>Betroffene haben das Recht, unrichtige Daten berichtigen zu lassen.<\/li>\n<\/ul>\n\n\n\n<p><strong>Recht auf L\u00f6schung (Art. 5 Abs. 3 DSG):<\/strong><\/p>\n\n\n\n<ul class=\"wp-block-list\">\n<li>Betroffene haben unter bestimmten Umst\u00e4nden das Recht, die L\u00f6schung ihrer personenbezogenen Daten zu verlangen.<\/li>\n<\/ul>\n\n\n\n<p><strong>Recht auf Einschr\u00e4nkung der Verarbeitung (Art. 12 DSG):<\/strong><\/p>\n\n\n\n<ul class=\"wp-block-list\">\n<li>Betroffene haben unter bestimmten Umst\u00e4nden das Recht, die Einschr\u00e4nkung der Verarbeitung ihrer Daten zu verlangen.<\/li>\n<\/ul>\n\n\n\n<p><strong>Recht auf Daten\u00fcbertragbarkeit (Art. 20 DSG):<\/strong><\/p>\n\n\n\n<ul class=\"wp-block-list\">\n<li>Betroffene haben das Recht, ihre personenbezogenen Daten in einem strukturierten, g\u00e4ngigen und maschinenlesbaren Format zu erhalten und sie gegebenenfalls an einen anderen Verantwortlichen zu \u00fcbermitteln.<\/li>\n<\/ul>\n\n\n\n<p><strong>Widerspruchsrecht (Art. 21 DSG):<\/strong><\/p>\n\n\n\n<ul class=\"wp-block-list\">\n<li>Betroffene haben das Recht, der Verarbeitung ihrer personenbezogenen Daten zu widersprechen, wenn daf\u00fcr ein berechtigtes Interesse besteht.<\/li>\n<\/ul>\n\n\n\n<p><strong>Recht, nicht automatisierten Entscheidungen unterworfen zu werden (Art. 22 DSG):<\/strong><\/p>\n\n\n\n<ul class=\"wp-block-list\">\n<li>Betroffene haben das Recht, nicht einer ausschlie\u00dflich auf automatisierter Verarbeitung, einschlie\u00dflich Profiling, beruhenden Entscheidung unterworfen zu werden, die ihnen gegen\u00fcber rechtliche Wirkung entfaltet oder sie in \u00e4hnlicher Weise erheblich beeintr\u00e4chtigt.<\/li>\n<\/ul>\n\n\n\n<div style=\"height:64px\" aria-hidden=\"true\" class=\"wp-block-spacer\"><\/div>","protected":false},"excerpt":{"rendered":"<p>Datenschutz Herzlich willkommen auf der Website von Sophiesreinigungen. Diese Datenschutzerkl\u00e4rung soll Sie dar\u00fcber informieren, wie wir Informationen sammeln, verwenden, offenlegen und sch\u00fctzen, die Sie w\u00e4hrend Ihres Besuchs auf unserer Website bereitstellen. Verantwortliche Stelle siehe Impressum. Google Maps und Google-Bewertungen Unsere Website verwendet Google Maps, um Standortinformationen anzuzeigen, und Google-Bewertungen, um Kundenbewertungen anzuzeigen. Durch die Nutzung dieser Funktionen k\u00f6nnen bestimmte personenbezogene Daten an Google \u00fcbertragen werden. Bitte beachten Sie die Datenschutzrichtlinien von Google f\u00fcr weitere Informationen dar\u00fcber, wie Ihre Daten durch Google verarbeitet werden: Wenn Sie dieser Datenverarbeitung nicht zustimmen, bitten wir Sie, auf die Nutzung dieser Funktionen zu verzichten. Beachten Sie, dass dies m\u00f6glicherweise die Verf\u00fcgbarkeit bestimmter Funktionen auf unserer Website beeintr\u00e4chtigen kann. Sammlung und Verwendung von Informationen Bei der Nutzung unseres Dienstes k\u00f6nnen wir Sie bitten, uns bestimmte personenbezogene Daten mitzuteilen, die dazu verwendet werden k\u00f6nnen, Sie zu kontaktieren oder zu identifizieren. Pers\u00f6nlich identifizierbare Informationen (\u00abPers\u00f6nliche Informationen\u00bb) k\u00f6nnen unter anderem sein: Einwilligung Durch die Nutzung unserer Website willigen Sie in die in dieser Datenschutzerkl\u00e4rung beschriebene Datenverarbeitung ein. Sie k\u00f6nnen Ihre Einwilligung jederzeit widerrufen, indem Sie uns unter den im Impressum angegebenen Kontaktdaten kontaktieren. Speicherdauer Wir speichern Ihre Daten nur so lange, wie es f\u00fcr die in dieser Datenschutzerkl\u00e4rung genannten Zwecke erforderlich ist oder wie es nach geltendem Recht vorgeschrieben ist. Ihre Rechte Auskunftsrecht (Art. 8 DSG): Recht auf Berichtigung (Art. 5 Abs. 2 DSG): Recht auf L\u00f6schung (Art. 5 Abs. 3 DSG): Recht auf Einschr\u00e4nkung der Verarbeitung (Art. 12 DSG): Recht auf Daten\u00fcbertragbarkeit (Art. 20 DSG): Widerspruchsrecht (Art. 21 DSG): Recht, nicht automatisierten Entscheidungen unterworfen zu werden (Art. 22 DSG):<\/p>","protected":false},"author":1,"featured_media":0,"parent":0,"menu_order":0,"comment_status":"closed","ping_status":"closed","template":"","meta":{"om_disable_all_campaigns":false,"_monsterinsights_skip_tracking":false,"_monsterinsights_sitenote_active":false,"_monsterinsights_sitenote_note":"","_monsterinsights_sitenote_category":0,"footnotes":""},"class_list":["post-4120","page","type-page","status-publish","hentry"],"aioseo_notices":[],"_links":{"self":[{"href":"https:\/\/sophiesreinigungen.ch\/en\/wp-json\/wp\/v2\/pages\/4120","targetHints":{"allow":["GET"]}}],"collection":[{"href":"https:\/\/sophiesreinigungen.ch\/en\/wp-json\/wp\/v2\/pages"}],"about":[{"href":"https:\/\/sophiesreinigungen.ch\/en\/wp-json\/wp\/v2\/types\/page"}],"author":[{"embeddable":true,"href":"https:\/\/sophiesreinigungen.ch\/en\/wp-json\/wp\/v2\/users\/1"}],"replies":[{"embeddable":true,"href":"https:\/\/sophiesreinigungen.ch\/en\/wp-json\/wp\/v2\/comments?post=4120"}],"version-history":[{"count":21,"href":"https:\/\/sophiesreinigungen.ch\/en\/wp-json\/wp\/v2\/pages\/4120\/revisions"}],"predecessor-version":[{"id":4147,"href":"https:\/\/sophiesreinigungen.ch\/en\/wp-json\/wp\/v2\/pages\/4120\/revisions\/4147"}],"wp:attachment":[{"href":"https:\/\/sophiesreinigungen.ch\/en\/wp-json\/wp\/v2\/media?parent=4120"}],"curies":[{"name":"wp","href":"https:\/\/api.w.org\/{rel}","templated":true}]}}