{"id":4087,"date":"2023-11-04T13:18:52","date_gmt":"2023-11-04T13:18:52","guid":{"rendered":"https:\/\/sophiesreinigungen.ch\/?page_id=4087"},"modified":"2025-11-30T11:52:24","modified_gmt":"2025-11-30T11:52:24","slug":"blog","status":"publish","type":"page","link":"https:\/\/sophiesreinigungen.ch\/en\/blog\/","title":{"rendered":"Blog"},"content":{"rendered":"<div data-elementor-type=\"wp-page\" data-elementor-id=\"4087\" class=\"elementor elementor-4087\">\n\t\t\t\t\t\t<section class=\"elementor-section elementor-top-section elementor-element elementor-element-86ccbd8 elementor-section-height-min-height elementor-section-boxed elementor-section-height-default elementor-section-items-middle wpr-particle-no wpr-jarallax-no wpr-parallax-no wpr-sticky-section-no\" data-id=\"86ccbd8\" data-element_type=\"section\" data-settings=\"{&quot;background_background&quot;:&quot;classic&quot;}\">\n\t\t\t\t\t\t\t<div class=\"elementor-background-overlay\"><\/div>\n\t\t\t\t\t\t\t<div class=\"elementor-container elementor-column-gap-default\">\n\t\t\t\t\t<div class=\"elementor-column elementor-col-100 elementor-top-column elementor-element elementor-element-c1d47ec\" data-id=\"c1d47ec\" data-element_type=\"column\">\n\t\t\t<div class=\"elementor-widget-wrap elementor-element-populated\">\n\t\t\t\t\t\t<div class=\"elementor-element elementor-element-b2f8fcf content-align-cta-center elementor-widget elementor-widget-eael-cta-box\" data-id=\"b2f8fcf\" data-element_type=\"widget\" data-widget_type=\"eael-cta-box.default\">\n\t\t\t\t<div class=\"elementor-widget-container\">\n\t\t\t\t\t\t\t<div class=\"eael-call-to-action cta-basic bg-lite cta-preset-1\">\n        <h1 class=\"title eael-cta-heading\">Blog<\/h1><p>Contact details to confirm references will be provided on request.<\/p><a href=\"https:\/\/sophiesreinigungen.ch\/en\/kontakt\/\" class=\"cta-button cta-preset-1\">Contact<\/a>\t<\/div>\n\t\t\t\t\t\t\t\t<\/div>\n\t\t\t\t<\/div>\n\t\t\t\t\t<\/div>\n\t\t<\/div>\n\t\t\t\t\t<\/div>\n\t\t<\/section>\n\t\t\t\t<section class=\"elementor-section elementor-top-section elementor-element elementor-element-a65a44b elementor-section-boxed elementor-section-height-default elementor-section-height-default wpr-particle-no wpr-jarallax-no wpr-parallax-no wpr-sticky-section-no\" data-id=\"a65a44b\" data-element_type=\"section\">\n\t\t\t\t\t\t<div class=\"elementor-container elementor-column-gap-default\">\n\t\t\t\t\t<div class=\"elementor-column elementor-col-100 elementor-top-column elementor-element elementor-element-0674b08\" data-id=\"0674b08\" data-element_type=\"column\">\n\t\t\t<div class=\"elementor-widget-wrap elementor-element-populated\">\n\t\t\t\t\t\t<div class=\"elementor-element elementor-element-91ff258 elementor-widget elementor-widget-spacer\" data-id=\"91ff258\" data-element_type=\"widget\" data-widget_type=\"spacer.default\">\n\t\t\t\t<div class=\"elementor-widget-container\">\n\t\t\t\t\t\t\t<div class=\"elementor-spacer\">\n\t\t\t<div class=\"elementor-spacer-inner\"><\/div>\n\t\t<\/div>\n\t\t\t\t\t\t<\/div>\n\t\t\t\t<\/div>\n\t\t\t\t<div class=\"elementor-element elementor-element-3ccdd3f elementor-widget elementor-widget-elementskit-blog-posts\" data-id=\"3ccdd3f\" data-element_type=\"widget\" data-widget_type=\"elementskit-blog-posts.default\">\n\t\t\t\t<div class=\"elementor-widget-container\">\n\t\t\t\t\t<div class=\"ekit-wid-con\" >        <div id=\"post-items--3ccdd3f\" class=\"row post-items\">\n                    <div class=\"col-md-12\">\n\n                                    <div class=\"elementskit-blog-block-post\">\n                        <div class=\"row no-gutters\">\n                                                            <div class=\"col-md-6 order-1\">\n                                    <a href=\"https:\/\/sophiesreinigungen.ch\/en\/was-ist-oekoreinigung\/\" class=\"elementskit-entry-thumb\">\n                                        <img decoding=\"async\" src=\"https:\/\/sophiesreinigungen.ch\/wp-content\/uploads\/2022\/11\/Kobieta-i-mezczyzna-zastanawiaja-sie-1024x683.jpg\" alt=\"Was ist \u00d6koreinigung?\">\n                                    <\/a><!-- .elementskit-entry-thumb END -->\n                                <\/div>\n                            \n                            <div class=\"col-md-6 order-2\">\n                                <div class=\"elementskit-post-body\">\n                                    <div class=\"elementskit-entry-header\">\n                                        \n                                                                                                                                        \n                                            \n                                                                                            \t\t\t\t<h2 class=\"entry-title\">\n\t\t\t\t\t<a href=\"https:\/\/sophiesreinigungen.ch\/en\/was-ist-oekoreinigung\/\">\n\t\t\t\t\t\tWhat is eco-cleaning?\t\t\t\t\t<\/a>\n\t\t\t\t<\/h2>\n\t\t\t                                                                                <\/div><!-- .elementskit-entry-header END -->\n\n                                                                            <div class=\"elementskit-post-footer\">\n                                                                                            <p>Ecology is increasingly entering the various spheres of life, including household cleaning. You may have come across the term eco-cleaning before. But what does it really mean and is it a trend you should follow? In this article we will try to dispel your doubts.<\/p>\n                                                                                                                                <\/div><!-- .elementskit-post-footer END -->\n                                                                    <\/div><!-- .elementskit-post-body END -->\n                            <\/div>\n                        <\/div>\n                    <\/div><!-- .elementskit-blog-block-post .radius .gradient-bg END -->\n                \n            <\/div>\n                    <div class=\"col-md-12\">\n\n                                    <div class=\"elementskit-blog-block-post\">\n                        <div class=\"row no-gutters\">\n                                                            <div class=\"col-md-6 order-1\">\n                                    <a href=\"https:\/\/sophiesreinigungen.ch\/en\/wie-wird-unsere-gesundheit-durch-staub-in-der-wohnung-beeinflusst\/\" class=\"elementskit-entry-thumb\">\n                                        <img decoding=\"async\" src=\"https:\/\/sophiesreinigungen.ch\/wp-content\/uploads\/2022\/11\/Profesjonalna-firma-sprzatajaca-1024x683.jpg\" alt=\"Wie wird unsere Gesundheit durch Staub in der Wohnung beeinflusst?\">\n                                    <\/a><!-- .elementskit-entry-thumb END -->\n                                <\/div>\n                            \n                            <div class=\"col-md-6 order-2\">\n                                <div class=\"elementskit-post-body\">\n                                    <div class=\"elementskit-entry-header\">\n                                        \n                                                                                                                                        \n                                            \n                                                                                            \t\t\t\t<h2 class=\"entry-title\">\n\t\t\t\t\t<a href=\"https:\/\/sophiesreinigungen.ch\/en\/wie-wird-unsere-gesundheit-durch-staub-in-der-wohnung-beeinflusst\/\">\n\t\t\t\t\t\tHow is our health affected by dust in the home?\t\t\t\t\t<\/a>\n\t\t\t\t<\/h2>\n\t\t\t                                                                                <\/div><!-- .elementskit-entry-header END -->\n\n                                                                            <div class=\"elementskit-post-footer\">\n                                                                                            <p>Have you ever wondered what dust actually is and how it affects our health? In our blog you will find a handful of important information on this topic. <\/p>\n                                                                                                                                <\/div><!-- .elementskit-post-footer END -->\n                                                                    <\/div><!-- .elementskit-post-body END -->\n                            <\/div>\n                        <\/div>\n                    <\/div><!-- .elementskit-blog-block-post .radius .gradient-bg END -->\n                \n            <\/div>\n                    <div class=\"col-md-12\">\n\n                                    <div class=\"elementskit-blog-block-post\">\n                        <div class=\"row no-gutters\">\n                                                            <div class=\"col-md-6 order-1\">\n                                    <a href=\"https:\/\/sophiesreinigungen.ch\/en\/haushaltschemikalien-sind-sie-gesundheitlich-unbedenklich\/\" class=\"elementskit-entry-thumb\">\n                                        <img decoding=\"async\" src=\"https:\/\/sophiesreinigungen.ch\/wp-content\/uploads\/2022\/11\/Cemia-gospodarcza-1024x681.jpg\" alt=\"Haushaltschemikalien. Sind sie gesundheitlich unbedenklich?\">\n                                    <\/a><!-- .elementskit-entry-thumb END -->\n                                <\/div>\n                            \n                            <div class=\"col-md-6 order-2\">\n                                <div class=\"elementskit-post-body\">\n                                    <div class=\"elementskit-entry-header\">\n                                        \n                                                                                                                                        \n                                            \n                                                                                            \t\t\t\t<h2 class=\"entry-title\">\n\t\t\t\t\t<a href=\"https:\/\/sophiesreinigungen.ch\/en\/haushaltschemikalien-sind-sie-gesundheitlich-unbedenklich\/\">\n\t\t\t\t\t\tHousehold chemicals. Are they safe for health?\t\t\t\t\t<\/a>\n\t\t\t\t<\/h2>\n\t\t\t                                                                                <\/div><!-- .elementskit-entry-header END -->\n\n                                                                            <div class=\"elementskit-post-footer\">\n                                                                                            <p>To make dirty surfaces clean again, people resort to various means, which are touted by manufacturers in their commercials. They assure you that they are easy to use and incredibly effective, and the beautiful packaging is tempting. But when choosing household chemicals, can you really know what you are buying?<\/p>\n                                                                                                                                <\/div><!-- .elementskit-post-footer END -->\n                                                                    <\/div><!-- .elementskit-post-body END -->\n                            <\/div>\n                        <\/div>\n                    <\/div><!-- .elementskit-blog-block-post .radius .gradient-bg END -->\n                \n            <\/div>\n                    <div class=\"col-md-12\">\n\n                                    <div class=\"elementskit-blog-block-post\">\n                        <div class=\"row no-gutters\">\n                                                            <div class=\"col-md-6 order-1\">\n                                    <a href=\"https:\/\/sophiesreinigungen.ch\/en\/delegation-als-wesentlicher-faktor-fuer-das-erreichen-beruflicher-und-persoenlicher-ziele\/\" class=\"elementskit-entry-thumb\">\n                                        <img decoding=\"async\" src=\"https:\/\/sophiesreinigungen.ch\/wp-content\/uploads\/2023\/08\/1-1024x684.jpg\" alt=\"Delegation als wesentlicher Faktor f\u00fcr das Erreichen beruflicher und pers\u00f6nlicher Ziele\">\n                                    <\/a><!-- .elementskit-entry-thumb END -->\n                                <\/div>\n                            \n                            <div class=\"col-md-6 order-2\">\n                                <div class=\"elementskit-post-body\">\n                                    <div class=\"elementskit-entry-header\">\n                                        \n                                                                                                                                        \n                                            \n                                                                                            \t\t\t\t<h2 class=\"entry-title\">\n\t\t\t\t\t<a href=\"https:\/\/sophiesreinigungen.ch\/en\/delegation-als-wesentlicher-faktor-fuer-das-erreichen-beruflicher-und-persoenlicher-ziele\/\">\n\t\t\t\t\t\tDelegation as a Key Factor in Achieving Professional and Personal Goals\t\t\t\t\t<\/a>\n\t\t\t\t<\/h2>\n\t\t\t                                                                                <\/div><!-- .elementskit-entry-header END -->\n\n                                                                            <div class=\"elementskit-post-footer\">\n                                                                                            <p>In today's fast-paced world, we often face a multitude of tasks and responsibilities, both in our professional and personal lives.<\/p>\n                                                                                                                                <\/div><!-- .elementskit-post-footer END -->\n                                                                    <\/div><!-- .elementskit-post-body END -->\n                            <\/div>\n                        <\/div>\n                    <\/div><!-- .elementskit-blog-block-post .radius .gradient-bg END -->\n                \n            <\/div>\n                    <div class=\"col-md-12\">\n\n                                    <div class=\"elementskit-blog-block-post\">\n                        <div class=\"row no-gutters\">\n                                                            <div class=\"col-md-6 order-1\">\n                                    <a href=\"https:\/\/sophiesreinigungen.ch\/en\/die-bedeutung-einer-gruendlichen-reinigung-1-2-mal-im-jahr\/\" class=\"elementskit-entry-thumb\">\n                                        <img decoding=\"async\" src=\"https:\/\/sophiesreinigungen.ch\/wp-content\/uploads\/2023\/08\/1_Die-Bedeutung-einer-1024x684.jpg\" alt=\"Die Bedeutung einer gr\u00fcndlichen Reinigung 1-2 Mal im Jahr\">\n                                    <\/a><!-- .elementskit-entry-thumb END -->\n                                <\/div>\n                            \n                            <div class=\"col-md-6 order-2\">\n                                <div class=\"elementskit-post-body\">\n                                    <div class=\"elementskit-entry-header\">\n                                        \n                                                                                                                                        \n                                            \n                                                                                            \t\t\t\t<h2 class=\"entry-title\">\n\t\t\t\t\t<a href=\"https:\/\/sophiesreinigungen.ch\/en\/die-bedeutung-einer-gruendlichen-reinigung-1-2-mal-im-jahr\/\">\n\t\t\t\t\t\tThe Importance of Thorough Cleaning 1-2 Times a Year\t\t\t\t\t<\/a>\n\t\t\t\t<\/h2>\n\t\t\t                                                                                <\/div><!-- .elementskit-entry-header END -->\n\n                                                                            <div class=\"elementskit-post-footer\">\n                                                                                            <p>Regular cleaning is key to keeping our living and working environments clean and tidy.<\/p>\n                                                                                                                                <\/div><!-- .elementskit-post-footer END -->\n                                                                    <\/div><!-- .elementskit-post-body END -->\n                            <\/div>\n                        <\/div>\n                    <\/div><!-- .elementskit-blog-block-post .radius .gradient-bg END -->\n                \n            <\/div>\n                    <div class=\"col-md-12\">\n\n                                    <div class=\"elementskit-blog-block-post\">\n                        <div class=\"row no-gutters\">\n                                                            <div class=\"col-md-6 order-1\">\n                                    <a href=\"https:\/\/sophiesreinigungen.ch\/en\/warum-sollte-ihr-unternehmen-in-ordnung-gehalten-sein\/\" class=\"elementskit-entry-thumb\">\n                                        <img decoding=\"async\" src=\"https:\/\/sophiesreinigungen.ch\/wp-content\/uploads\/2022\/11\/Sprzatanie-dla-firm-1024x684.jpg\" alt=\"Warum sollte Ihr Unternehmen in Ordnung gehalten sein?\">\n                                    <\/a><!-- .elementskit-entry-thumb END -->\n                                <\/div>\n                            \n                            <div class=\"col-md-6 order-2\">\n                                <div class=\"elementskit-post-body\">\n                                    <div class=\"elementskit-entry-header\">\n                                        \n                                                                                                                                        \n                                            \n                                                                                            \t\t\t\t<h2 class=\"entry-title\">\n\t\t\t\t\t<a href=\"https:\/\/sophiesreinigungen.ch\/en\/warum-sollte-ihr-unternehmen-in-ordnung-gehalten-sein\/\">\n\t\t\t\t\t\tWhy should your company be kept in order?\t\t\t\t\t<\/a>\n\t\t\t\t<\/h2>\n\t\t\t                                                                                <\/div><!-- .elementskit-entry-header END -->\n\n                                                                            <div class=\"elementskit-post-footer\">\n                                                                                            <p>As an employer, you should be aware that the cleanliness of your business has an impact on the efficiency of the operation and, in turn, your bottom line. There are a number of reasons for regular cleaning. And it's not just about aesthetics. Health and psychological factors are just as important as image arguments.<\/p>\n                                                                                                                                <\/div><!-- .elementskit-post-footer END -->\n                                                                    <\/div><!-- .elementskit-post-body END -->\n                            <\/div>\n                        <\/div>\n                    <\/div><!-- .elementskit-blog-block-post .radius .gradient-bg END -->\n                \n            <\/div>\n                <\/div>\n       <\/div>\t\t\t\t<\/div>\n\t\t\t\t<\/div>\n\t\t\t\t\t<\/div>\n\t\t<\/div>\n\t\t\t\t\t<\/div>\n\t\t<\/section>\n\t\t\t\t<\/div>","protected":false},"excerpt":{"rendered":"<p>Blog Kontaktieren Sie uns und wir beantworten gerne alle Ihre Fragen Kontakt Was ist \u00d6koreinigung? Die \u00d6kologie h\u00e4lt immer st\u00e4rker Einzug in die verschiedenen Lebensbereiche, auch in die Haushaltsreinigung. Vielleicht ist Ihnen der Begriff \u00d6koreinigung schon einmal begegnet. Aber was bedeutet das wirklich und ist es ein Trend, dem man folgen sollte? In diesem Artikel werden wir versuchen, Ihre Zweifel zu zerstreuen Wie wird unsere Gesundheit durch Staub in der Wohnung beeinflusst? Haben Sie sich jemals gefragt, was Staub eigentlich ist und wie er sich auf unsere Gesundheit auswirkt? In unserem Blog finden Sie eine Handvoll wichtiger Informationen zu diesem Thema. Haushaltschemikalien. Sind sie gesundheitlich unbedenklich? Um verschmutzte Oberfl\u00e4chen wieder sauber zu machen, greift man zu verschiedenen Mitteln, die von den Herstellern in ihren Werbespots angepriesen werden. Es wird versichert, dass sie einfach zu verwenden und unglaublich wirksam sind, und die sch\u00f6ne Verpackung ist verlockend. Aber k\u00f6nnen Sie bei der Auswahl von Haushaltschemikalien wirklich wissen, was Sie da kaufen? Delegation als wesentlicher Faktor f\u00fcr das Erreichen beruflicher und pers\u00f6nlicher Ziele In unserer heutigen schnelllebigen Welt stehen wir oft vor einer Vielzahl von Aufgaben und Verantwortlichkeiten, sowohl im beruflichen als auch im privaten Bereich. Die Bedeutung einer gr\u00fcndlichen Reinigung 1-2 Mal im Jahr Eine regelm\u00e4\u00dfige Reinigung ist der Schl\u00fcssel, um unsere Wohn- und Arbeitsumgebungen sauber und ordentlich zu halten. Warum sollte Ihr Unternehmen in Ordnung gehalten sein? Als Arbeitgeber sollten Sie sich dessen bewusst sein, dass die Sauberkeit in Ihrem Unternehmen einen Einfluss auf die Effizienz des Betriebs und damit auch auf Ihren Gewinn hat. Es gibt eine ganze Reihe von Gr\u00fcnden f\u00fcr eine regelm\u00e4\u00dfige Reinigung. Und dabei geht es nicht nur um \u00c4sthetik. Gesundheitliche und psychologische Faktoren sind ebenso wichtig wie Imageargumente.<\/p>","protected":false},"author":1,"featured_media":2016,"parent":0,"menu_order":0,"comment_status":"closed","ping_status":"closed","template":"","meta":{"om_disable_all_campaigns":false,"_monsterinsights_skip_tracking":false,"_monsterinsights_sitenote_active":false,"_monsterinsights_sitenote_note":"","_monsterinsights_sitenote_category":0,"footnotes":""},"class_list":["post-4087","page","type-page","status-publish","has-post-thumbnail","hentry"],"aioseo_notices":[],"_links":{"self":[{"href":"https:\/\/sophiesreinigungen.ch\/en\/wp-json\/wp\/v2\/pages\/4087","targetHints":{"allow":["GET"]}}],"collection":[{"href":"https:\/\/sophiesreinigungen.ch\/en\/wp-json\/wp\/v2\/pages"}],"about":[{"href":"https:\/\/sophiesreinigungen.ch\/en\/wp-json\/wp\/v2\/types\/page"}],"author":[{"embeddable":true,"href":"https:\/\/sophiesreinigungen.ch\/en\/wp-json\/wp\/v2\/users\/1"}],"replies":[{"embeddable":true,"href":"https:\/\/sophiesreinigungen.ch\/en\/wp-json\/wp\/v2\/comments?post=4087"}],"version-history":[{"count":22,"href":"https:\/\/sophiesreinigungen.ch\/en\/wp-json\/wp\/v2\/pages\/4087\/revisions"}],"predecessor-version":[{"id":4529,"href":"https:\/\/sophiesreinigungen.ch\/en\/wp-json\/wp\/v2\/pages\/4087\/revisions\/4529"}],"wp:featuredmedia":[{"embeddable":true,"href":"https:\/\/sophiesreinigungen.ch\/en\/wp-json\/wp\/v2\/media\/2016"}],"wp:attachment":[{"href":"https:\/\/sophiesreinigungen.ch\/en\/wp-json\/wp\/v2\/media?parent=4087"}],"curies":[{"name":"wp","href":"https:\/\/api.w.org\/{rel}","templated":true}]}}